{"id":5656,"date":"2025-09-12T11:54:36","date_gmt":"2025-09-12T17:54:36","guid":{"rendered":"https:\/\/grupofinaccess.com\/?page_id=5656"},"modified":"2025-09-24T06:28:48","modified_gmt":"2025-09-24T12:28:48","slug":"bolsa-de-trabajo","status":"publish","type":"page","link":"https:\/\/grupofinaccess.com\/en\/bolsa-de-trabajo\/","title":{"rendered":"Job listings"},"content":{"rendered":"\t\t<div data-elementor-type=\"wp-post\" data-elementor-id=\"5656\" class=\"elementor elementor-5656\" data-elementor-settings=\"{&quot;ha_cmc_init_switcher&quot;:&quot;no&quot;}\" data-elementor-post-type=\"page\">\n\t\t\t\t\t\t<section class=\"elementor-section elementor-top-section elementor-element elementor-element-35c2bc14 elementor-section-content-middle elementor-section-height-min-height elementor-section-boxed elementor-section-height-default elementor-section-items-middle\" data-id=\"35c2bc14\" data-element_type=\"section\" data-e-type=\"section\" data-settings=\"{&quot;background_background&quot;:&quot;slideshow&quot;,&quot;shape_divider_top&quot;:&quot;triangle-asymmetrical&quot;,&quot;shape_divider_bottom&quot;:&quot;triangle-asymmetrical&quot;,&quot;background_slideshow_gallery&quot;:[{&quot;id&quot;:5754,&quot;url&quot;:&quot;https:\\\/\\\/grupofinaccess.com\\\/wp-content\\\/uploads\\\/maranda-vandergriff-7aakZdIl4vg-unsplash-scaled.jpg&quot;}],&quot;background_slideshow_loop&quot;:&quot;yes&quot;,&quot;background_slideshow_slide_duration&quot;:5000,&quot;background_slideshow_slide_transition&quot;:&quot;fade&quot;,&quot;background_slideshow_transition_duration&quot;:500,&quot;_ha_eqh_enable&quot;:false}\">\n\t\t\t\t\t\t\t<div class=\"elementor-background-overlay\"><\/div>\n\t\t\t\t\t\t<div class=\"elementor-shape elementor-shape-top\" aria-hidden=\"true\" data-negative=\"false\">\n\t\t\t<svg xmlns=\"http:\/\/www.w3.org\/2000\/svg\" viewBox=\"0 0 1000 100\" preserveAspectRatio=\"none\">\n\t<path class=\"elementor-shape-fill\" d=\"M738,99l262-93V0H0v5.6L738,99z\"\/>\n<\/svg>\t\t<\/div>\n\t\t\t\t<div class=\"elementor-shape elementor-shape-bottom\" aria-hidden=\"true\" data-negative=\"false\">\n\t\t\t<svg xmlns=\"http:\/\/www.w3.org\/2000\/svg\" viewBox=\"0 0 1000 100\" preserveAspectRatio=\"none\">\n\t<path class=\"elementor-shape-fill\" d=\"M738,99l262-93V0H0v5.6L738,99z\"\/>\n<\/svg>\t\t<\/div>\n\t\t\t\t\t<div class=\"elementor-container elementor-column-gap-no\">\n\t\t\t\t\t<div class=\"elementor-column elementor-col-100 elementor-top-column elementor-element elementor-element-52f112a\" data-id=\"52f112a\" data-element_type=\"column\" data-e-type=\"column\">\n\t\t\t<div class=\"elementor-widget-wrap elementor-element-populated\">\n\t\t\t\t\t\t<div class=\"elementor-element elementor-element-8a6e664 elementor-widget elementor-widget-spacer\" data-id=\"8a6e664\" data-element_type=\"widget\" data-e-type=\"widget\" data-widget_type=\"spacer.default\">\n\t\t\t\t<div class=\"elementor-widget-container\">\n\t\t\t\t\t\t\t<div class=\"elementor-spacer\">\n\t\t\t<div class=\"elementor-spacer-inner\"><\/div>\n\t\t<\/div>\n\t\t\t\t\t\t<\/div>\n\t\t\t\t<\/div>\n\t\t\t\t<div class=\"elementor-element elementor-element-20b6471 elementor-widget elementor-widget-heading\" data-id=\"20b6471\" data-element_type=\"widget\" data-e-type=\"widget\" data-widget_type=\"heading.default\">\n\t\t\t\t<div class=\"elementor-widget-container\">\n\t\t\t\t\t<h4 class=\"elementor-heading-title elementor-size-default\">BOLSA DE TRABAJO<\/h4>\t\t\t\t<\/div>\n\t\t\t\t<\/div>\n\t\t\t\t<div class=\"elementor-element elementor-element-cebd4f3 elementor-widget elementor-widget-spacer\" data-id=\"cebd4f3\" data-element_type=\"widget\" data-e-type=\"widget\" data-widget_type=\"spacer.default\">\n\t\t\t\t<div class=\"elementor-widget-container\">\n\t\t\t\t\t\t\t<div class=\"elementor-spacer\">\n\t\t\t<div class=\"elementor-spacer-inner\"><\/div>\n\t\t<\/div>\n\t\t\t\t\t\t<\/div>\n\t\t\t\t<\/div>\n\t\t\t\t<div class=\"elementor-element elementor-element-b10132d elementor-widget elementor-widget-heading\" data-id=\"b10132d\" data-element_type=\"widget\" data-e-type=\"widget\" data-widget_type=\"heading.default\">\n\t\t\t\t<div class=\"elementor-widget-container\">\n\t\t\t\t\t<h4 class=\"elementor-heading-title elementor-size-default\">Si te interesa explorar la posibilidad de formar parte de Grupo Finaccess, <br>env\u00edanos tus datos y curr\u00edculum. <br><br><b>Nos comunicaremos contigo cuando tengamos una vacante para ti.<\/b>\n<\/h4>\t\t\t\t<\/div>\n\t\t\t\t<\/div>\n\t\t\t\t<div class=\"elementor-element elementor-element-1e9afa6 elementor-widget elementor-widget-spacer\" data-id=\"1e9afa6\" data-element_type=\"widget\" data-e-type=\"widget\" data-widget_type=\"spacer.default\">\n\t\t\t\t<div class=\"elementor-widget-container\">\n\t\t\t\t\t\t\t<div class=\"elementor-spacer\">\n\t\t\t<div class=\"elementor-spacer-inner\"><\/div>\n\t\t<\/div>\n\t\t\t\t\t\t<\/div>\n\t\t\t\t<\/div>\n\t\t\t\t<div class=\"elementor-element elementor-element-abe3adc elementor-widget elementor-widget-spacer\" data-id=\"abe3adc\" data-element_type=\"widget\" data-e-type=\"widget\" data-widget_type=\"spacer.default\">\n\t\t\t\t<div class=\"elementor-widget-container\">\n\t\t\t\t\t\t\t<div class=\"elementor-spacer\">\n\t\t\t<div class=\"elementor-spacer-inner\"><\/div>\n\t\t<\/div>\n\t\t\t\t\t\t<\/div>\n\t\t\t\t<\/div>\n\t\t\t\t<div class=\"elementor-element elementor-element-06dddfc elementor-tabs-alignment-center elementor-tabs-view-horizontal elementor-widget elementor-widget-tabs\" data-id=\"06dddfc\" data-element_type=\"widget\" data-e-type=\"widget\" data-widget_type=\"tabs.default\">\n\t\t\t\t<div class=\"elementor-widget-container\">\n\t\t\t\t\t\t\t<div class=\"elementor-tabs\">\n\t\t\t<div class=\"elementor-tabs-wrapper\" role=\"tablist\" >\n\t\t\t\t\t\t\t\t\t<div id=\"elementor-tab-title-7201\" class=\"elementor-tab-title elementor-tab-desktop-title\" aria-selected=\"true\" data-tab=\"1\" role=\"tab\" tabindex=\"0\" aria-controls=\"elementor-tab-content-7201\" aria-expanded=\"false\">Finaccess M\u00e9xico<\/div>\n\t\t\t\t\t\t\t\t\t<div id=\"elementor-tab-title-7202\" class=\"elementor-tab-title elementor-tab-desktop-title\" aria-selected=\"false\" data-tab=\"2\" role=\"tab\" tabindex=\"-1\" aria-controls=\"elementor-tab-content-7202\" aria-expanded=\"false\">Finaccess Capital<\/div>\n\t\t\t\t\t\t\t\t\t<div id=\"elementor-tab-title-7203\" class=\"elementor-tab-title elementor-tab-desktop-title\" aria-selected=\"false\" data-tab=\"3\" role=\"tab\" tabindex=\"-1\" aria-controls=\"elementor-tab-content-7203\" aria-expanded=\"false\">Finaccess Ventures<\/div>\n\t\t\t\t\t\t\t\t\t<div id=\"elementor-tab-title-7204\" class=\"elementor-tab-title elementor-tab-desktop-title\" aria-selected=\"false\" data-tab=\"4\" role=\"tab\" tabindex=\"-1\" aria-controls=\"elementor-tab-content-7204\" aria-expanded=\"false\">Finaccess Advisors<\/div>\n\t\t\t\t\t\t\t\t\t<div id=\"elementor-tab-title-7205\" class=\"elementor-tab-title elementor-tab-desktop-title\" aria-selected=\"false\" data-tab=\"5\" role=\"tab\" tabindex=\"-1\" aria-controls=\"elementor-tab-content-7205\" aria-expanded=\"false\">Finaccess Value<\/div>\n\t\t\t\t\t\t\t\t\t<div id=\"elementor-tab-title-7206\" class=\"elementor-tab-title elementor-tab-desktop-title\" aria-selected=\"false\" data-tab=\"6\" role=\"tab\" tabindex=\"-1\" aria-controls=\"elementor-tab-content-7206\" aria-expanded=\"false\">Finaccess Servicios Corporativos<\/div>\n\t\t\t\t\t\t\t<\/div>\n\t\t\t<div class=\"elementor-tabs-content-wrapper\" role=\"tablist\" aria-orientation=\"vertical\">\n\t\t\t\t\t\t\t\t\t<div class=\"elementor-tab-title elementor-tab-mobile-title\" aria-selected=\"true\" data-tab=\"1\" role=\"tab\" tabindex=\"0\" aria-controls=\"elementor-tab-content-7201\" aria-expanded=\"false\">Finaccess M\u00e9xico<\/div>\n\t\t\t\t\t<div id=\"elementor-tab-content-7201\" class=\"elementor-tab-content elementor-clearfix\" data-tab=\"1\" role=\"tabpanel\" aria-labelledby=\"elementor-tab-title-7201\" tabindex=\"0\" hidden=\"false\"><p>Operadora de fondos de inversi\u00f3n\u00a0independiente en M\u00e9xico que ofrece asesor\u00eda financiera especializada de acuerdo con las necesidades de cada cliente y su perfil de riesgo. Regulada y autorizada por la Comisi\u00f3n Nacional Bancaria y de Valores (CNBV), por la Secretar\u00eda de Hacienda y Cr\u00e9dito P\u00fablico (SHCP) y por el Banco de M\u00e9xico.<\/p><p><strong>Con sede en la Ciudad de M\u00e9xico<\/strong><\/p><p><span style=\"text-decoration: underline;\"><a href=\"https:\/\/grupofinaccess.com\/bolsa-de-trabajo-finaccess-mexico\/\" target=\"_blank\" rel=\"noopener\">Env\u00edanos tus datos<\/a><\/span><\/p><\/div>\n\t\t\t\t\t\t\t\t\t<div class=\"elementor-tab-title elementor-tab-mobile-title\" aria-selected=\"false\" data-tab=\"2\" role=\"tab\" tabindex=\"-1\" aria-controls=\"elementor-tab-content-7202\" aria-expanded=\"false\">Finaccess Capital<\/div>\n\t\t\t\t\t<div id=\"elementor-tab-content-7202\" class=\"elementor-tab-content elementor-clearfix\" data-tab=\"2\" role=\"tabpanel\" aria-labelledby=\"elementor-tab-title-7202\" tabindex=\"0\" hidden=\"hidden\"><p>Empresa que adquiere participaci\u00f3n en el capital o patrimonio de una gran diversidad de compa\u00f1\u00edas dentro de distintas industrias y regiones, con un horizonte de inversi\u00f3n de largo plazo. Es una empresa en crecimiento, enfocada en adquirir negocios que tienen una trayectoria exitosa en la operaci\u00f3n de marcas reconocidas en mercados atractivos, con potencial de expansi\u00f3n y un equipo directivo experimentado.<\/p><p><strong>Con sede en Miami, Florida<\/strong><\/p><p><span style=\"text-decoration: underline;\"><a href=\"https:\/\/grupofinaccess.com\/bolsa-de-trabajo-finaccess-capital\/\" target=\"_blank\" rel=\"noopener\">Env\u00edanos tus datos<\/a><\/span><\/p><\/div>\n\t\t\t\t\t\t\t\t\t<div class=\"elementor-tab-title elementor-tab-mobile-title\" aria-selected=\"false\" data-tab=\"3\" role=\"tab\" tabindex=\"-1\" aria-controls=\"elementor-tab-content-7203\" aria-expanded=\"false\">Finaccess Ventures<\/div>\n\t\t\t\t\t<div id=\"elementor-tab-content-7203\" class=\"elementor-tab-content elementor-clearfix\" data-tab=\"3\" role=\"tabpanel\" aria-labelledby=\"elementor-tab-title-7203\" tabindex=\"0\" hidden=\"hidden\"><p>Subsidiaria de Finaccess Capital a trav\u00e9s de la cual apoyamos a emprendedores cuyos proyectos pueden tener un impacto positivo en la sociedad.<\/p><p><strong>Con sede en Miami, Florida<\/strong><\/p><p><span style=\"text-decoration: underline;\"><a href=\"https:\/\/grupofinaccess.com\/bolsa-de-trabajo-finaccess-ventures\/\" target=\"_blank\" rel=\"noopener\">Env\u00edanos tus datos<\/a><\/span><\/p><\/div>\n\t\t\t\t\t\t\t\t\t<div class=\"elementor-tab-title elementor-tab-mobile-title\" aria-selected=\"false\" data-tab=\"4\" role=\"tab\" tabindex=\"-1\" aria-controls=\"elementor-tab-content-7204\" aria-expanded=\"false\">Finaccess Advisors<\/div>\n\t\t\t\t\t<div id=\"elementor-tab-content-7204\" class=\"elementor-tab-content elementor-clearfix\" data-tab=\"4\" role=\"tabpanel\" aria-labelledby=\"elementor-tab-title-7204\" tabindex=\"0\" hidden=\"hidden\"><p>Somos un asesor financiero con sede en la ciudad de Miami, registrado ante la Securities and Exchange Commission (SEC). Su funci\u00f3n es proveer servicios de asesor\u00eda en inversiones, incluyendo planificaci\u00f3n financiera, a un grupo limitado de clientes.<\/p><p><strong>Con sede en Miami, Florida<\/strong><\/p><p><span style=\"text-decoration: underline;\"><a href=\"https:\/\/grupofinaccess.com\/bolsa-de-trabajo-finaccess-advisors\/\" target=\"_blank\" rel=\"noopener\">Env\u00edanos tus datos<\/a><\/span><\/p><\/div>\n\t\t\t\t\t\t\t\t\t<div class=\"elementor-tab-title elementor-tab-mobile-title\" aria-selected=\"false\" data-tab=\"5\" role=\"tab\" tabindex=\"-1\" aria-controls=\"elementor-tab-content-7205\" aria-expanded=\"false\">Finaccess Value<\/div>\n\t\t\t\t\t<div id=\"elementor-tab-content-7205\" class=\"elementor-tab-content elementor-clearfix\" data-tab=\"5\" role=\"tabpanel\" aria-labelledby=\"elementor-tab-title-7205\" tabindex=\"0\" hidden=\"hidden\"><p>Agencia de servicios de inversi\u00f3n espa\u00f1ola registrada ante la Comisi\u00f3n Nacional del Mercado de Valores en Espa\u00f1a, autorizada para prestar servicios de asesoramiento financiero, gesti\u00f3n discrecional de carteras y recepci\u00f3n y transmisi\u00f3n de \u00f3rdenes, tanto a clientes profesionales como minoristas.<\/p><p><strong>Con sede en Madrid, Espa\u00f1a<\/strong><\/p><p><span style=\"text-decoration: underline;\"><a href=\"https:\/\/grupofinaccess.com\/bolsa-de-trabajo-finaccess-value\/\" target=\"_blank\" rel=\"noopener\">Env\u00edanos tus datos<\/a><\/span><\/p><\/div>\n\t\t\t\t\t\t\t\t\t<div class=\"elementor-tab-title elementor-tab-mobile-title\" aria-selected=\"false\" data-tab=\"6\" role=\"tab\" tabindex=\"-1\" aria-controls=\"elementor-tab-content-7206\" aria-expanded=\"false\">Finaccess Servicios Corporativos<\/div>\n\t\t\t\t\t<div id=\"elementor-tab-content-7206\" class=\"elementor-tab-content elementor-clearfix\" data-tab=\"6\" role=\"tabpanel\" aria-labelledby=\"elementor-tab-title-7206\" tabindex=\"0\" hidden=\"hidden\"><p>Empresa precursora de Grupo Finaccess, a cargo de atender las necesidades de los clientes internos y externos a quienes brinda atenci\u00f3n personalizada enfocada en servicios administrativos, todos caracterizados por su elevada calidad, independencia, exclusividad y confidencialidad.<\/p><p><strong>Con sede en la Ciudad de M\u00e9xico<\/strong><\/p><p><span style=\"text-decoration: underline;\"><a href=\"https:\/\/grupofinaccess.com\/bolsa-de-trabajo-finaccess-servicios-corporativos\/\" target=\"_blank\" rel=\"noopener\">Env\u00edanos tus datos<\/a><\/span><\/p><\/div>\n\t\t\t\t\t\t\t<\/div>\n\t\t<\/div>\n\t\t\t\t\t\t<\/div>\n\t\t\t\t<\/div>\n\t\t\t\t<div class=\"elementor-element elementor-element-7f3678c elementor-widget elementor-widget-spacer\" data-id=\"7f3678c\" data-element_type=\"widget\" data-e-type=\"widget\" data-widget_type=\"spacer.default\">\n\t\t\t\t<div class=\"elementor-widget-container\">\n\t\t\t\t\t\t\t<div class=\"elementor-spacer\">\n\t\t\t<div class=\"elementor-spacer-inner\"><\/div>\n\t\t<\/div>\n\t\t\t\t\t\t<\/div>\n\t\t\t\t<\/div>\n\t\t\t\t\t<\/div>\n\t\t<\/div>\n\t\t\t\t\t<\/div>\n\t\t<\/section>\n\t\t\t\t<\/div>\n\t\t","protected":false},"excerpt":{"rendered":"<p>BOLSA DE TRABAJO Si te interesa explorar la posibilidad de formar parte de Grupo Finaccess, env\u00edanos tus datos y curr\u00edculum. Nos comunicaremos contigo cuando tengamos una vacante para ti. Finaccess M\u00e9xico Finaccess Capital Finaccess Ventures Finaccess Advisors Finaccess Value Finaccess Servicios Corporativos Finaccess M\u00e9xico Operadora de fondos de inversi\u00f3n\u00a0independiente en M\u00e9xico que ofrece asesor\u00eda financiera [&hellip;]<\/p>\n","protected":false},"author":6,"featured_media":0,"parent":0,"menu_order":0,"comment_status":"closed","ping_status":"closed","template":"elementor_header_footer","meta":{"footnotes":""},"class_list":["post-5656","page","type-page","status-publish","hentry"],"_links":{"self":[{"href":"https:\/\/grupofinaccess.com\/en\/wp-json\/wp\/v2\/pages\/5656","targetHints":{"allow":["GET"]}}],"collection":[{"href":"https:\/\/grupofinaccess.com\/en\/wp-json\/wp\/v2\/pages"}],"about":[{"href":"https:\/\/grupofinaccess.com\/en\/wp-json\/wp\/v2\/types\/page"}],"author":[{"embeddable":true,"href":"https:\/\/grupofinaccess.com\/en\/wp-json\/wp\/v2\/users\/6"}],"replies":[{"embeddable":true,"href":"https:\/\/grupofinaccess.com\/en\/wp-json\/wp\/v2\/comments?post=5656"}],"version-history":[{"count":40,"href":"https:\/\/grupofinaccess.com\/en\/wp-json\/wp\/v2\/pages\/5656\/revisions"}],"predecessor-version":[{"id":5785,"href":"https:\/\/grupofinaccess.com\/en\/wp-json\/wp\/v2\/pages\/5656\/revisions\/5785"}],"wp:attachment":[{"href":"https:\/\/grupofinaccess.com\/en\/wp-json\/wp\/v2\/media?parent=5656"}],"curies":[{"name":"wp","href":"https:\/\/api.w.org\/{rel}","templated":true}]}}