{"id":1448,"date":"2019-10-14T16:25:54","date_gmt":"2019-10-14T16:25:54","guid":{"rendered":"https:\/\/grupofinaccess.com\/?page_id=1448"},"modified":"2026-01-03T09:47:32","modified_gmt":"2026-01-03T15:47:32","slug":"aviso-de-privacidad","status":"publish","type":"page","link":"https:\/\/grupofinaccess.com\/en\/aviso-de-privacidad\/","title":{"rendered":"Privacy Notice"},"content":{"rendered":"<div data-elementor-type=\"wp-page\" data-elementor-id=\"1448\" class=\"elementor elementor-1448\" data-elementor-settings=\"{&quot;ha_cmc_init_switcher&quot;:&quot;no&quot;}\" data-elementor-post-type=\"page\">\n\t\t\t\t\t\t<section class=\"elementor-section elementor-top-section elementor-element elementor-element-b4e7fb9 elementor-section-boxed elementor-section-height-default elementor-section-height-default\" data-id=\"b4e7fb9\" data-element_type=\"section\" data-e-type=\"section\" data-settings=\"{&quot;_ha_eqh_enable&quot;:false}\">\n\t\t\t\t\t\t<div class=\"elementor-container elementor-column-gap-default\">\n\t\t\t\t\t<div class=\"elementor-column elementor-col-100 elementor-top-column elementor-element elementor-element-00255d3\" data-id=\"00255d3\" data-element_type=\"column\" data-e-type=\"column\">\n\t\t\t<div class=\"elementor-widget-wrap elementor-element-populated\">\n\t\t\t\t\t\t<div class=\"elementor-element elementor-element-bf71c21 elementor-widget elementor-widget-spacer\" data-id=\"bf71c21\" data-element_type=\"widget\" data-e-type=\"widget\" data-widget_type=\"spacer.default\">\n\t\t\t\t<div class=\"elementor-widget-container\">\n\t\t\t\t\t\t\t<div class=\"elementor-spacer\">\n\t\t\t<div class=\"elementor-spacer-inner\"><\/div>\n\t\t<\/div>\n\t\t\t\t\t\t<\/div>\n\t\t\t\t<\/div>\n\t\t\t\t\t<\/div>\n\t\t<\/div>\n\t\t\t\t\t<\/div>\n\t\t<\/section>\n\t\t\t\t<section class=\"elementor-section elementor-top-section elementor-element elementor-element-a160169 elementor-section-boxed elementor-section-height-default elementor-section-height-default\" data-id=\"a160169\" data-element_type=\"section\" data-e-type=\"section\" data-settings=\"{&quot;_ha_eqh_enable&quot;:false}\">\n\t\t\t\t\t\t<div class=\"elementor-container elementor-column-gap-default\">\n\t\t\t\t\t<div class=\"elementor-column elementor-col-100 elementor-top-column elementor-element elementor-element-4dd2ab3\" data-id=\"4dd2ab3\" data-element_type=\"column\" data-e-type=\"column\">\n\t\t\t<div class=\"elementor-widget-wrap elementor-element-populated\">\n\t\t\t\t\t\t<div class=\"elementor-element elementor-element-2960898 elementor-widget elementor-widget-heading\" data-id=\"2960898\" data-element_type=\"widget\" data-e-type=\"widget\" data-widget_type=\"heading.default\">\n\t\t\t\t<div class=\"elementor-widget-container\">\n\t\t\t\t\t<h2 class=\"elementor-heading-title elementor-size-default\">AVISO DE PRIVACIDAD<\/h2>\t\t\t\t<\/div>\n\t\t\t\t<\/div>\n\t\t\t\t<div class=\"elementor-element elementor-element-b9c4cc4 elementor-widget elementor-widget-spacer\" data-id=\"b9c4cc4\" data-element_type=\"widget\" data-e-type=\"widget\" data-widget_type=\"spacer.default\">\n\t\t\t\t<div class=\"elementor-widget-container\">\n\t\t\t\t\t\t\t<div class=\"elementor-spacer\">\n\t\t\t<div class=\"elementor-spacer-inner\"><\/div>\n\t\t<\/div>\n\t\t\t\t\t\t<\/div>\n\t\t\t\t<\/div>\n\t\t\t\t\t<\/div>\n\t\t<\/div>\n\t\t\t\t\t<\/div>\n\t\t<\/section>\n\t\t\t\t<section class=\"elementor-section elementor-top-section elementor-element elementor-element-bf33d3b elementor-section-boxed elementor-section-height-default elementor-section-height-default\" data-id=\"bf33d3b\" data-element_type=\"section\" data-e-type=\"section\" data-settings=\"{&quot;_ha_eqh_enable&quot;:false}\">\n\t\t\t\t\t\t<div class=\"elementor-container elementor-column-gap-default\">\n\t\t\t\t\t<div class=\"elementor-column elementor-col-50 elementor-top-column elementor-element elementor-element-ea39488\" data-id=\"ea39488\" data-element_type=\"column\" data-e-type=\"column\">\n\t\t\t<div class=\"elementor-widget-wrap elementor-element-populated\">\n\t\t\t\t\t\t<div class=\"elementor-element elementor-element-3dc942f elementor-widget elementor-widget-text-editor\" data-id=\"3dc942f\" data-element_type=\"widget\" data-e-type=\"widget\" data-widget_type=\"text-editor.default\">\n\t\t\t\t<div class=\"elementor-widget-container\">\n\t\t\t\t\t\t\t\t\t<p style=\"color: #54595f; font-size: 18px; text-align: justify;\"><b>AVISO PRIVACIDAD<\/b><\/p><p style=\"color: #54595f; font-size: 18px; text-align: justify;\"><a style=\"background-color: #ffffff;\" href=\"https:\/\/grupofinaccess.com\/wp-content\/uploads\/Grupo-Finaccess-Aviso-de-Privacidad-Pa\u0301gina-internet-v5.pdf\" target=\"_blank\" rel=\"noopener\"><span style=\"text-decoration-line: underline;\">Ver Documento Espa\u00f1ol<\/span><\/a><\/p><p style=\"color: #54595f; font-size: 18px; text-align: justify;\"><span style=\"text-decoration-line: underline;\"><a href=\"https:\/\/grupofinaccess.com\/wp-content\/uploads\/Grupo-Finaccess-Aviso-de-Privacidad-Pa\u0301gina-internet-v5-ingle\u0301s.pdf\" target=\"_blank\" rel=\"noopener\">Ver Docuemnto Ingl\u00e9s<\/a><\/span><\/p><p class=\"p1\">Fecha de \u00faltima actualizaci\u00f3n: 25 de noviembre del 2025<\/p>\t\t\t\t\t\t\t\t<\/div>\n\t\t\t\t<\/div>\n\t\t\t\t\t<\/div>\n\t\t<\/div>\n\t\t\t\t<div class=\"elementor-column elementor-col-50 elementor-top-column elementor-element elementor-element-76ee699\" data-id=\"76ee699\" data-element_type=\"column\" data-e-type=\"column\">\n\t\t\t<div class=\"elementor-widget-wrap elementor-element-populated\">\n\t\t\t\t\t\t<div class=\"elementor-element elementor-element-dfa1f10 elementor-widget elementor-widget-text-editor\" data-id=\"dfa1f10\" data-element_type=\"widget\" data-e-type=\"widget\" data-widget_type=\"text-editor.default\">\n\t\t\t\t<div class=\"elementor-widget-container\">\n\t\t\t\t\t\t\t\t\t<p style=\"color: #54595f; font-size: 18px; text-align: justify;\"><span style=\"font-weight: bold;\">Posibles candidatos, aspirantes y\/o solicitantes:\u00a0<\/span><\/p><p style=\"color: #54595f; font-size: 18px; text-align: justify;\"><a href=\"https:\/\/grupofinaccess.com\/wp-content\/uploads\/Grupo-Finaccess-Aviso-de-Privacidad-Posible-candidato-aspirante-y-solicitante-v3.pdf\" target=\"_blank\" rel=\"noopener\"><span style=\"text-decoration-line: underline;\">Ver Documento Espa\u00f1ol<\/span><\/a><\/p><p style=\"color: #54595f; font-size: 18px; text-align: justify;\"><span style=\"text-decoration-line: underline;\"><a href=\"https:\/\/grupofinaccess.com\/wp-content\/uploads\/Grupo-Finaccess-Aviso-de-Privacidad-Posible-candidato-aspirante-y-solicitante-v3-ingle\u0301s.pdf\" target=\"_blank\" rel=\"noopener\">Ver Docuemnto Ingl\u00e9s<\/a><\/span><\/p><p>Fecha de \u00faltima actualizaci\u00f3n: 25 de noviembre del 2025<\/p>\t\t\t\t\t\t\t\t<\/div>\n\t\t\t\t<\/div>\n\t\t\t\t\t<\/div>\n\t\t<\/div>\n\t\t\t\t\t<\/div>\n\t\t<\/section>\n\t\t\t\t<section class=\"elementor-section elementor-top-section elementor-element elementor-element-60e46c4 elementor-section-boxed elementor-section-height-default elementor-section-height-default\" data-id=\"60e46c4\" data-element_type=\"section\" data-e-type=\"section\" data-settings=\"{&quot;_ha_eqh_enable&quot;:false}\">\n\t\t\t\t\t\t<div class=\"elementor-container elementor-column-gap-default\">\n\t\t\t\t\t<div class=\"elementor-column elementor-col-100 elementor-top-column elementor-element elementor-element-52e1d0c\" data-id=\"52e1d0c\" data-element_type=\"column\" data-e-type=\"column\">\n\t\t\t<div class=\"elementor-widget-wrap elementor-element-populated\">\n\t\t\t\t\t\t<div class=\"elementor-element elementor-element-85fb286 elementor-widget elementor-widget-spacer\" data-id=\"85fb286\" data-element_type=\"widget\" data-e-type=\"widget\" data-widget_type=\"spacer.default\">\n\t\t\t\t<div class=\"elementor-widget-container\">\n\t\t\t\t\t\t\t<div class=\"elementor-spacer\">\n\t\t\t<div class=\"elementor-spacer-inner\"><\/div>\n\t\t<\/div>\n\t\t\t\t\t\t<\/div>\n\t\t\t\t<\/div>\n\t\t\t\t\t<\/div>\n\t\t<\/div>\n\t\t\t\t\t<\/div>\n\t\t<\/section>\n\t\t\t\t<\/div>","protected":false},"excerpt":{"rendered":"<p>AVISO DE PRIVACIDAD AVISO PRIVACIDAD Ver Documento Espa\u00f1ol Ver Docuemnto Ingl\u00e9s Fecha de \u00faltima actualizaci\u00f3n: 25 de noviembre del 2025 Posibles candidatos, aspirantes y\/o solicitantes:\u00a0 Ver Documento Espa\u00f1ol Ver Docuemnto Ingl\u00e9s Fecha de \u00faltima actualizaci\u00f3n: 25 de noviembre del 2025<\/p>","protected":false},"author":4,"featured_media":0,"parent":0,"menu_order":0,"comment_status":"closed","ping_status":"closed","template":"elementor_header_footer","meta":{"footnotes":""},"class_list":["post-1448","page","type-page","status-publish","hentry"],"_links":{"self":[{"href":"https:\/\/grupofinaccess.com\/en\/wp-json\/wp\/v2\/pages\/1448","targetHints":{"allow":["GET"]}}],"collection":[{"href":"https:\/\/grupofinaccess.com\/en\/wp-json\/wp\/v2\/pages"}],"about":[{"href":"https:\/\/grupofinaccess.com\/en\/wp-json\/wp\/v2\/types\/page"}],"author":[{"embeddable":true,"href":"https:\/\/grupofinaccess.com\/en\/wp-json\/wp\/v2\/users\/4"}],"replies":[{"embeddable":true,"href":"https:\/\/grupofinaccess.com\/en\/wp-json\/wp\/v2\/comments?post=1448"}],"version-history":[{"count":25,"href":"https:\/\/grupofinaccess.com\/en\/wp-json\/wp\/v2\/pages\/1448\/revisions"}],"predecessor-version":[{"id":6013,"href":"https:\/\/grupofinaccess.com\/en\/wp-json\/wp\/v2\/pages\/1448\/revisions\/6013"}],"wp:attachment":[{"href":"https:\/\/grupofinaccess.com\/en\/wp-json\/wp\/v2\/media?parent=1448"}],"curies":[{"name":"wp","href":"https:\/\/api.w.org\/{rel}","templated":true}]}}